{"id":523,"date":"2015-01-11T12:25:25","date_gmt":"2015-01-11T11:25:25","guid":{"rendered":"http:\/\/www.kgv-steinbrueckenkamp.de\/?page_id=523"},"modified":"2026-01-30T06:19:34","modified_gmt":"2026-01-30T05:19:34","slug":"vermietung","status":"publish","type":"page","link":"https:\/\/www.kgv-steinbrueckenkamp.de\/?page_id=523","title":{"rendered":"Vermietung"},"content":{"rendered":"<p style=\"text-align: center;\">Bitte das Bild anklicken<br \/><a title=\"Vereinsheim\" href=\"https:\/\/www.kgv-steinbrueckenkamp.de\/?page_id=1521\"><img loading=\"lazy\" decoding=\"async\" class=\"aligncenter wp-image-1465 size-medium\" src=\"https:\/\/www.kgv-steinbrueckenkamp.de\/wp-content\/uploads\/Vereinsheim11-300x2251-300x225.jpg\" alt=\"Vereinsheim11-300x225\" width=\"300\" height=\"225\" \/><\/a><\/p>\n<p><strong>Wir vermieten unser Vereinsheim f\u00fcr ihre Feier und bieten Platz f\u00fcr max. 50 Personen<br \/><span style=\"color: #ff0000;\">Wir bitten um Ihr Verst\u00e4ndnis, das wir das Vereinsheim f\u00fcr 18. \/ 20. Geburtstage gem\u00e4\u00df Vereinsbeschluss nicht vermieten.<\/span><br \/><\/strong><\/p>\n<p class=\"p1\"><span class=\"s1\">Der Mietpreis betr\u00e4gt 200\u20ac zuz\u00fcglich 40\u20ac Endreinigung sowie<br \/>Gas f\u00fcr die Heizung nach Verbrauch.<\/span><\/p>\n<p><strong>Bei einer verbindlichen Buchung bitten wir um eine Anzahlung in H\u00f6he von 50\u20ac<\/strong><\/p>\n<p>Daf\u00fcr erhalten sie ein Rundum-Sorglos-Paket incl. K\u00fcche mit Theke zum Saal, 3 K\u00fchlschr\u00e4nken, Mikrowelle, Kaffeemaschine, Wasserkocher, Sp\u00fclmaschine, Geschirr und Gl\u00e4sern sowie einem separatem B\u00fcfett Raum.<br \/>Eine feste Freifl\u00e4che vor dem Vereinsheim l\u00e4dt zum Grillen und verweilen ein.<\/p>\n<p class=\"p1\"><span class=\"s1\"><strong>Selbstverst\u00e4ndlich\u00a0k\u00f6nnen sie ihre Getr\u00e4nke selber mitbringen. Es besteht keine Abnahmepflicht \u00fcber den KGV Steinbr\u00fcckenkamp.<\/strong><\/span><\/p>\n<p class=\"p1\"><span class=\"s1\">Der Schl\u00fcssel f\u00fcr das Vereinsheim kann ihnen 2-3 Tage vorher \u00fcbergeben werden damit<br \/>ihnen genug Zeit bleibt, um die Feier m\u00f6glichst stressfrei vorzubereiten.<br \/><\/span>Die R\u00fcckgabe des Schl\u00fcssels wird individuell vereinbart.<\/p>\n<p class=\"p1\">Wir freuen uns, ihnen in einem pers\u00f6nlichen Gespr\u00e4ch noch auftretende Fragen zu beantworten und ihnen die R\u00e4umlichkeiten zu zeigen.<\/p>\n<p class=\"p1\"><span class=\"s1\">Bei Fragen k\u00f6nnen Sie den Vorstand unter<\/span>\u00a0<strong>01556 6373026 von 09:00 Uhr bis 19:00 Uhr <\/strong>erreichen oder eine <span style=\"font-size: revert;\">Mail senden an <\/span><a href=\"mailto:vermietung@kgv-steinbrueckenkamp.de\">vermietung@kgv-steinbrueckenkamp.de <\/a><\/p>\n<p><strong>\u00a0<\/strong><\/p>\n\n","protected":false},"excerpt":{"rendered":"<p>Bitte das Bild anklicken Wir vermieten unser Vereinsheim f\u00fcr ihre Feier und bieten Platz f\u00fcr max. 50 PersonenWir bitten um Ihr Verst\u00e4ndnis, das wir das Vereinsheim f\u00fcr 18. \/ 20. Geburtstage gem\u00e4\u00df Vereinsbeschluss nicht vermieten. Der Mietpreis betr\u00e4gt 200\u20ac zuz\u00fcglich 40\u20ac Endreinigung sowieGas f\u00fcr die Heizung nach Verbrauch. Bei einer verbindlichen Buchung bitten wir um [&hellip;]<\/p>\n","protected":false},"author":1,"featured_media":0,"parent":0,"menu_order":0,"comment_status":"closed","ping_status":"open","template":"","meta":{"footnotes":""},"class_list":["post-523","page","type-page","status-publish","hentry"],"_links":{"self":[{"href":"https:\/\/www.kgv-steinbrueckenkamp.de\/index.php?rest_route=\/wp\/v2\/pages\/523","targetHints":{"allow":["GET"]}}],"collection":[{"href":"https:\/\/www.kgv-steinbrueckenkamp.de\/index.php?rest_route=\/wp\/v2\/pages"}],"about":[{"href":"https:\/\/www.kgv-steinbrueckenkamp.de\/index.php?rest_route=\/wp\/v2\/types\/page"}],"author":[{"embeddable":true,"href":"https:\/\/www.kgv-steinbrueckenkamp.de\/index.php?rest_route=\/wp\/v2\/users\/1"}],"replies":[{"embeddable":true,"href":"https:\/\/www.kgv-steinbrueckenkamp.de\/index.php?rest_route=%2Fwp%2Fv2%2Fcomments&post=523"}],"version-history":[{"count":47,"href":"https:\/\/www.kgv-steinbrueckenkamp.de\/index.php?rest_route=\/wp\/v2\/pages\/523\/revisions"}],"predecessor-version":[{"id":2514,"href":"https:\/\/www.kgv-steinbrueckenkamp.de\/index.php?rest_route=\/wp\/v2\/pages\/523\/revisions\/2514"}],"wp:attachment":[{"href":"https:\/\/www.kgv-steinbrueckenkamp.de\/index.php?rest_route=%2Fwp%2Fv2%2Fmedia&parent=523"}],"curies":[{"name":"wp","href":"https:\/\/api.w.org\/{rel}","templated":true}]}}